{"id":2365,"date":"2024-10-27T12:07:48","date_gmt":"2024-10-27T12:07:48","guid":{"rendered":"https:\/\/meanmachine.tattoo\/?page_id=2365"},"modified":"2026-02-17T04:28:54","modified_gmt":"2026-02-17T04:28:54","slug":"najcesca-pitanja","status":"publish","type":"page","link":"https:\/\/meanmachine.tattoo\/en\/najcesca-pitanja\/","title":{"rendered":"Frequent questions"},"content":{"rendered":"\t\t<div data-elementor-type=\"wp-post\" data-elementor-id=\"2365\" class=\"elementor elementor-2365\" data-elementor-post-type=\"page\">\n\t\t\t\t\t\t<section class=\"elementor-section elementor-top-section elementor-element elementor-element-12585e6 scheme_second_dark elementor-section-full_width elementor-section-height-default elementor-section-height-default\" data-id=\"12585e6\" data-element_type=\"section\" data-e-type=\"section\">\n\t\t\t\t\t\t<div class=\"elementor-container elementor-column-gap-extended\">\n\t\t\t\t\t<div class=\"elementor-column elementor-col-33 elementor-top-column elementor-element elementor-element-ad7d43c sc_inner_width_none sc_content_align_inherit sc_layouts_column_icons_position_left\" data-id=\"ad7d43c\" data-element_type=\"column\" data-e-type=\"column\">\n\t\t\t<div class=\"elementor-widget-wrap\">\n\t\t\t\t\t\t\t<\/div>\n\t\t<\/div>\n\t\t\t\t<div class=\"elementor-column elementor-col-33 elementor-top-column elementor-element elementor-element-e774280 sc_inner_width_1_1 sc_layouts_column_align_center sc_layouts_column sc_content_align_inherit sc_layouts_column_icons_position_left\" data-id=\"e774280\" data-element_type=\"column\" data-e-type=\"column\">\n\t\t\t<div class=\"elementor-widget-wrap elementor-element-populated\">\n\t\t\t\t\t\t<div class=\"elementor-element elementor-element-44254ec sc_height_large elementor-widget elementor-widget-spacer\" data-id=\"44254ec\" data-element_type=\"widget\" data-e-type=\"widget\" data-widget_type=\"spacer.default\">\n\t\t\t\t\t\t\t<div class=\"elementor-spacer\">\n\t\t\t<div class=\"elementor-spacer-inner\"><\/div>\n\t\t<\/div>\n\t\t\t\t\t\t<\/div>\n\t\t\t\t<div class=\"elementor-element elementor-element-3033edb elementor-widget__width-initial sc_fly_static elementor-widget elementor-widget-trx_sc_title\" data-id=\"3033edb\" data-element_type=\"widget\" data-e-type=\"widget\" data-widget_type=\"trx_sc_title.default\">\n\t\t\t\t<div class=\"elementor-widget-container\">\n\t\t\t\t\t<div id=\"trx_sc_title_498442243\"\n\t\tclass=\"sc_title sc_title_default\"><h2 class=\"sc_item_title sc_title_title sc_align_center sc_item_title_style_default\"><span class=\"sc_item_title_text\"><b>Naj\u010de\u0161\u0107a pitanja<\/b> i odgovori\u200b<\/span><\/h2><div class=\"sc_item_descr sc_title_descr sc_align_center\"><p>Ako razmi\u0161lja\u0161 o tetoviranju i ima\u0161 milion pitanja \u2014 potpuno si na mestu. Ovde smo skupili naj\u010de\u0161\u0107a pitanja o tetova\u017eama i tattoo procesu, obja\u0161njena jednostavno, iskreno i bez ulep\u0161avanja. Pro\u0111i kroz odgovore i rastereti se nedoumica pre nego \u0161to sedne\u0161 u stolicu.<\/p>\n<\/div><\/div><!-- \/.sc_title -->\t\t\t\t<\/div>\n\t\t\t\t<\/div>\n\t\t\t\t<div class=\"elementor-element elementor-element-fc62879 sc_height_medium elementor-widget elementor-widget-spacer\" data-id=\"fc62879\" data-element_type=\"widget\" data-e-type=\"widget\" data-widget_type=\"spacer.default\">\n\t\t\t\t\t\t\t<div class=\"elementor-spacer\">\n\t\t\t<div class=\"elementor-spacer-inner\"><\/div>\n\t\t<\/div>\n\t\t\t\t\t\t<\/div>\n\t\t\t\t<div class=\"elementor-element elementor-element-c745eec elementor-widget elementor-widget-accordion\" data-id=\"c745eec\" data-element_type=\"widget\" data-e-type=\"widget\" data-widget_type=\"accordion.default\">\n\t\t\t\t\t\t\t<div class=\"elementor-accordion\">\n\t\t\t\t\t\t\t<div class=\"elementor-accordion-item\">\n\t\t\t\t\t<div id=\"elementor-tab-title-2081\" class=\"elementor-tab-title\" data-tab=\"1\" role=\"button\" aria-controls=\"elementor-tab-content-2081\" aria-expanded=\"false\">\n\t\t\t\t\t\t\t\t\t\t\t\t\t<span class=\"elementor-accordion-icon elementor-accordion-icon-right\" aria-hidden=\"true\">\n\t\t\t\t\t\t\t\t\t\t\t\t\t\t\t<span class=\"elementor-accordion-icon-closed\"><svg class=\"e-font-icon-svg e-fas-arrow-down\" viewBox=\"0 0 448 512\" xmlns=\"http:\/\/www.w3.org\/2000\/svg\"><path d=\"M413.1 222.5l22.2 22.2c9.4 9.4 9.4 24.6 0 33.9L241 473c-9.4 9.4-24.6 9.4-33.9 0L12.7 278.6c-9.4-9.4-9.4-24.6 0-33.9l22.2-22.2c9.5-9.5 25-9.3 34.3.4L184 343.4V56c0-13.3 10.7-24 24-24h32c13.3 0 24 10.7 24 24v287.4l114.8-120.5c9.3-9.8 24.8-10 34.3-.4z\"><\/path><\/svg><\/span>\n\t\t\t\t\t\t\t\t<span class=\"elementor-accordion-icon-opened\"><svg class=\"e-font-icon-svg e-fas-arrow-up\" viewBox=\"0 0 448 512\" xmlns=\"http:\/\/www.w3.org\/2000\/svg\"><path d=\"M34.9 289.5l-22.2-22.2c-9.4-9.4-9.4-24.6 0-33.9L207 39c9.4-9.4 24.6-9.4 33.9 0l194.3 194.3c9.4 9.4 9.4 24.6 0 33.9L413 289.4c-9.5 9.5-25 9.3-34.3-.4L264 168.6V456c0 13.3-10.7 24-24 24h-32c-13.3 0-24-10.7-24-24V168.6L69.2 289.1c-9.3 9.8-24.8 10-34.3.4z\"><\/path><\/svg><\/span>\n\t\t\t\t\t\t\t\t\t\t\t\t\t\t<\/span>\n\t\t\t\t\t\t\t\t\t\t\t\t<a class=\"elementor-accordion-title\" tabindex=\"0\">Kako mogu zakazati termin za Tetoviranje?<\/a>\n\t\t\t\t\t<\/div>\n\t\t\t\t\t<div id=\"elementor-tab-content-2081\" class=\"elementor-tab-content elementor-clearfix\" data-tab=\"1\" role=\"region\" aria-labelledby=\"elementor-tab-title-2081\"><p>Mo\u017eete zakazati termin posetom na\u0161em sajtu i klikom na dugme \u201eZaka\u017ei termin\u201c, ili nas mo\u017eete direktno pozvati u studio.<\/p><\/div>\n\t\t\t\t<\/div>\n\t\t\t\t\t\t\t<div class=\"elementor-accordion-item\">\n\t\t\t\t\t<div id=\"elementor-tab-title-2082\" class=\"elementor-tab-title\" data-tab=\"2\" role=\"button\" aria-controls=\"elementor-tab-content-2082\" aria-expanded=\"false\">\n\t\t\t\t\t\t\t\t\t\t\t\t\t<span class=\"elementor-accordion-icon elementor-accordion-icon-right\" aria-hidden=\"true\">\n\t\t\t\t\t\t\t\t\t\t\t\t\t\t\t<span class=\"elementor-accordion-icon-closed\"><svg class=\"e-font-icon-svg e-fas-arrow-down\" viewBox=\"0 0 448 512\" xmlns=\"http:\/\/www.w3.org\/2000\/svg\"><path d=\"M413.1 222.5l22.2 22.2c9.4 9.4 9.4 24.6 0 33.9L241 473c-9.4 9.4-24.6 9.4-33.9 0L12.7 278.6c-9.4-9.4-9.4-24.6 0-33.9l22.2-22.2c9.5-9.5 25-9.3 34.3.4L184 343.4V56c0-13.3 10.7-24 24-24h32c13.3 0 24 10.7 24 24v287.4l114.8-120.5c9.3-9.8 24.8-10 34.3-.4z\"><\/path><\/svg><\/span>\n\t\t\t\t\t\t\t\t<span class=\"elementor-accordion-icon-opened\"><svg class=\"e-font-icon-svg e-fas-arrow-up\" viewBox=\"0 0 448 512\" xmlns=\"http:\/\/www.w3.org\/2000\/svg\"><path d=\"M34.9 289.5l-22.2-22.2c-9.4-9.4-9.4-24.6 0-33.9L207 39c9.4-9.4 24.6-9.4 33.9 0l194.3 194.3c9.4 9.4 9.4 24.6 0 33.9L413 289.4c-9.5 9.5-25 9.3-34.3-.4L264 168.6V456c0 13.3-10.7 24-24 24h-32c-13.3 0-24-10.7-24-24V168.6L69.2 289.1c-9.3 9.8-24.8 10-34.3.4z\"><\/path><\/svg><\/span>\n\t\t\t\t\t\t\t\t\t\t\t\t\t\t<\/span>\n\t\t\t\t\t\t\t\t\t\t\t\t<a class=\"elementor-accordion-title\" tabindex=\"0\">Koliko ko\u0161ta tetova\u017ea i tetoviranje?<\/a>\n\t\t\t\t\t<\/div>\n\t\t\t\t\t<div id=\"elementor-tab-content-2082\" class=\"elementor-tab-content elementor-clearfix\" data-tab=\"2\" role=\"region\" aria-labelledby=\"elementor-tab-title-2082\"><p>Cena tetova\u017ee zavisi od njene veli\u010dine, kompleksnosti i mesta na telu. Nudimo besplatne konsultacije kako bismo vam dali ta\u010dnu procenu cene.<\/p><\/div>\n\t\t\t\t<\/div>\n\t\t\t\t\t\t\t<div class=\"elementor-accordion-item\">\n\t\t\t\t\t<div id=\"elementor-tab-title-2083\" class=\"elementor-tab-title\" data-tab=\"3\" role=\"button\" aria-controls=\"elementor-tab-content-2083\" aria-expanded=\"false\">\n\t\t\t\t\t\t\t\t\t\t\t\t\t<span class=\"elementor-accordion-icon elementor-accordion-icon-right\" aria-hidden=\"true\">\n\t\t\t\t\t\t\t\t\t\t\t\t\t\t\t<span class=\"elementor-accordion-icon-closed\"><svg class=\"e-font-icon-svg e-fas-arrow-down\" viewBox=\"0 0 448 512\" xmlns=\"http:\/\/www.w3.org\/2000\/svg\"><path d=\"M413.1 222.5l22.2 22.2c9.4 9.4 9.4 24.6 0 33.9L241 473c-9.4 9.4-24.6 9.4-33.9 0L12.7 278.6c-9.4-9.4-9.4-24.6 0-33.9l22.2-22.2c9.5-9.5 25-9.3 34.3.4L184 343.4V56c0-13.3 10.7-24 24-24h32c13.3 0 24 10.7 24 24v287.4l114.8-120.5c9.3-9.8 24.8-10 34.3-.4z\"><\/path><\/svg><\/span>\n\t\t\t\t\t\t\t\t<span class=\"elementor-accordion-icon-opened\"><svg class=\"e-font-icon-svg e-fas-arrow-up\" viewBox=\"0 0 448 512\" xmlns=\"http:\/\/www.w3.org\/2000\/svg\"><path d=\"M34.9 289.5l-22.2-22.2c-9.4-9.4-9.4-24.6 0-33.9L207 39c9.4-9.4 24.6-9.4 33.9 0l194.3 194.3c9.4 9.4 9.4 24.6 0 33.9L413 289.4c-9.5 9.5-25 9.3-34.3-.4L264 168.6V456c0 13.3-10.7 24-24 24h-32c-13.3 0-24-10.7-24-24V168.6L69.2 289.1c-9.3 9.8-24.8 10-34.3.4z\"><\/path><\/svg><\/span>\n\t\t\t\t\t\t\t\t\t\t\t\t\t\t<\/span>\n\t\t\t\t\t\t\t\t\t\t\t\t<a class=\"elementor-accordion-title\" tabindex=\"0\">Mogu li do\u0107i bez zakazivanja ili je potreban termin za tetoviranje?<\/a>\n\t\t\t\t\t<\/div>\n\t\t\t\t\t<div id=\"elementor-tab-content-2083\" class=\"elementor-tab-content elementor-clearfix\" data-tab=\"3\" role=\"region\" aria-labelledby=\"elementor-tab-title-2083\"><p>Iako primamo klijente bez zakazanog termina kada nam to raspored dozvoljava, toplo preporu\u010dujemo zakazivanje unapred kako biste osigurali svoj termin.<\/p><\/div>\n\t\t\t\t<\/div>\n\t\t\t\t\t\t\t<div class=\"elementor-accordion-item\">\n\t\t\t\t\t<div id=\"elementor-tab-title-2084\" class=\"elementor-tab-title\" data-tab=\"4\" role=\"button\" aria-controls=\"elementor-tab-content-2084\" aria-expanded=\"false\">\n\t\t\t\t\t\t\t\t\t\t\t\t\t<span class=\"elementor-accordion-icon elementor-accordion-icon-right\" aria-hidden=\"true\">\n\t\t\t\t\t\t\t\t\t\t\t\t\t\t\t<span class=\"elementor-accordion-icon-closed\"><svg class=\"e-font-icon-svg e-fas-arrow-down\" viewBox=\"0 0 448 512\" xmlns=\"http:\/\/www.w3.org\/2000\/svg\"><path d=\"M413.1 222.5l22.2 22.2c9.4 9.4 9.4 24.6 0 33.9L241 473c-9.4 9.4-24.6 9.4-33.9 0L12.7 278.6c-9.4-9.4-9.4-24.6 0-33.9l22.2-22.2c9.5-9.5 25-9.3 34.3.4L184 343.4V56c0-13.3 10.7-24 24-24h32c13.3 0 24 10.7 24 24v287.4l114.8-120.5c9.3-9.8 24.8-10 34.3-.4z\"><\/path><\/svg><\/span>\n\t\t\t\t\t\t\t\t<span class=\"elementor-accordion-icon-opened\"><svg class=\"e-font-icon-svg e-fas-arrow-up\" viewBox=\"0 0 448 512\" xmlns=\"http:\/\/www.w3.org\/2000\/svg\"><path d=\"M34.9 289.5l-22.2-22.2c-9.4-9.4-9.4-24.6 0-33.9L207 39c9.4-9.4 24.6-9.4 33.9 0l194.3 194.3c9.4 9.4 9.4 24.6 0 33.9L413 289.4c-9.5 9.5-25 9.3-34.3-.4L264 168.6V456c0 13.3-10.7 24-24 24h-32c-13.3 0-24-10.7-24-24V168.6L69.2 289.1c-9.3 9.8-24.8 10-34.3.4z\"><\/path><\/svg><\/span>\n\t\t\t\t\t\t\t\t\t\t\t\t\t\t<\/span>\n\t\t\t\t\t\t\t\t\t\t\t\t<a class=\"elementor-accordion-title\" tabindex=\"0\">\u0160ta treba da uradim kako bih se pripremio\/la za svoj termin za tetoviranje?<\/a>\n\t\t\t\t\t<\/div>\n\t\t\t\t\t<div id=\"elementor-tab-content-2084\" class=\"elementor-tab-content elementor-clearfix\" data-tab=\"4\" role=\"region\" aria-labelledby=\"elementor-tab-title-2084\"><p>Obavezno se dobro odmorite, hidrirajte i pojedite kvalitetan obrok pre svog termina za tetoviranje. Izbegavajte alkohol i kofein na dan tetoviranja. Nosite udobnu ode\u0107u koja omogu\u0107ava lak pristup delu tela koji \u017eelite da tetovirate.<\/p><\/div>\n\t\t\t\t<\/div>\n\t\t\t\t\t\t\t<div class=\"elementor-accordion-item\">\n\t\t\t\t\t<div id=\"elementor-tab-title-2085\" class=\"elementor-tab-title\" data-tab=\"5\" role=\"button\" aria-controls=\"elementor-tab-content-2085\" aria-expanded=\"false\">\n\t\t\t\t\t\t\t\t\t\t\t\t\t<span class=\"elementor-accordion-icon elementor-accordion-icon-right\" aria-hidden=\"true\">\n\t\t\t\t\t\t\t\t\t\t\t\t\t\t\t<span class=\"elementor-accordion-icon-closed\"><svg class=\"e-font-icon-svg e-fas-arrow-down\" viewBox=\"0 0 448 512\" xmlns=\"http:\/\/www.w3.org\/2000\/svg\"><path d=\"M413.1 222.5l22.2 22.2c9.4 9.4 9.4 24.6 0 33.9L241 473c-9.4 9.4-24.6 9.4-33.9 0L12.7 278.6c-9.4-9.4-9.4-24.6 0-33.9l22.2-22.2c9.5-9.5 25-9.3 34.3.4L184 343.4V56c0-13.3 10.7-24 24-24h32c13.3 0 24 10.7 24 24v287.4l114.8-120.5c9.3-9.8 24.8-10 34.3-.4z\"><\/path><\/svg><\/span>\n\t\t\t\t\t\t\t\t<span class=\"elementor-accordion-icon-opened\"><svg class=\"e-font-icon-svg e-fas-arrow-up\" viewBox=\"0 0 448 512\" xmlns=\"http:\/\/www.w3.org\/2000\/svg\"><path d=\"M34.9 289.5l-22.2-22.2c-9.4-9.4-9.4-24.6 0-33.9L207 39c9.4-9.4 24.6-9.4 33.9 0l194.3 194.3c9.4 9.4 9.4 24.6 0 33.9L413 289.4c-9.5 9.5-25 9.3-34.3-.4L264 168.6V456c0 13.3-10.7 24-24 24h-32c-13.3 0-24-10.7-24-24V168.6L69.2 289.1c-9.3 9.8-24.8 10-34.3.4z\"><\/path><\/svg><\/span>\n\t\t\t\t\t\t\t\t\t\t\t\t\t\t<\/span>\n\t\t\t\t\t\t\t\t\t\t\t\t<a class=\"elementor-accordion-title\" tabindex=\"0\">Koliko vremena je potrebno da tetova\u017ea zaraste?<\/a>\n\t\t\t\t\t<\/div>\n\t\t\t\t\t<div id=\"elementor-tab-content-2085\" class=\"elementor-tab-content elementor-clearfix\" data-tab=\"5\" role=\"region\" aria-labelledby=\"elementor-tab-title-2085\"><p>Po\u010detno zarastanje obi\u010dno traje oko dve nedelje, ali potpuni proces mo\u017ee trajati do mesec dana. Pratite uputstva za negu kako biste osigurali pravilno zarastanje. Tako\u0111e imamo tekst na na\u0161em sajtu upravo na tu temu koji mo\u017eete pro\u010ditati <a href=\"https:\/\/meanmachine.tattoo\/zarastanje-tetovaze-saveti-za-brigu-o-novim-tetovazama\/\">ovde<\/a><\/p><\/div>\n\t\t\t\t<\/div>\n\t\t\t\t\t\t\t\t\t\t<script type=\"application\/ld+json\">{\"@context\":\"https:\\\/\\\/schema.org\",\"@type\":\"FAQPage\",\"mainEntity\":[{\"@type\":\"Question\",\"name\":\"Kako mogu zakazati termin za Tetoviranje?\",\"acceptedAnswer\":{\"@type\":\"Answer\",\"text\":\"<p>Mo\\u017eete zakazati termin posetom na\\u0161em sajtu i klikom na dugme \\u201eZaka\\u017ei termin\\u201c, ili nas mo\\u017eete direktno pozvati u studio.<\\\/p>\"}},{\"@type\":\"Question\",\"name\":\"Koliko ko\\u0161ta tetova\\u017ea i tetoviranje?\",\"acceptedAnswer\":{\"@type\":\"Answer\",\"text\":\"<p>Cena tetova\\u017ee zavisi od njene veli\\u010dine, kompleksnosti i mesta na telu. Nudimo besplatne konsultacije kako bismo vam dali ta\\u010dnu procenu cene.<\\\/p>\"}},{\"@type\":\"Question\",\"name\":\"Mogu li do\\u0107i bez zakazivanja ili je potreban termin za tetoviranje?\",\"acceptedAnswer\":{\"@type\":\"Answer\",\"text\":\"<p>Iako primamo klijente bez zakazanog termina kada nam to raspored dozvoljava, toplo preporu\\u010dujemo zakazivanje unapred kako biste osigurali svoj termin.<\\\/p>\"}},{\"@type\":\"Question\",\"name\":\"\\u0160ta treba da uradim kako bih se pripremio\\\/la za svoj termin za tetoviranje?\",\"acceptedAnswer\":{\"@type\":\"Answer\",\"text\":\"<p>Obavezno se dobro odmorite, hidrirajte i pojedite kvalitetan obrok pre svog termina za tetoviranje. Izbegavajte alkohol i kofein na dan tetoviranja. Nosite udobnu ode\\u0107u koja omogu\\u0107ava lak pristup delu tela koji \\u017eelite da tetovirate.<\\\/p>\"}},{\"@type\":\"Question\",\"name\":\"Koliko vremena je potrebno da tetova\\u017ea zaraste?\",\"acceptedAnswer\":{\"@type\":\"Answer\",\"text\":\"<p>Po\\u010detno zarastanje obi\\u010dno traje oko dve nedelje, ali potpuni proces mo\\u017ee trajati do mesec dana. Pratite uputstva za negu kako biste osigurali pravilno zarastanje. Tako\\u0111e imamo tekst na na\\u0161em sajtu upravo na tu temu koji mo\\u017eete pro\\u010ditati <a href=\\\"https:\\\/\\\/meanmachine.tattoo\\\/zarastanje-tetovaze-saveti-za-brigu-o-novim-tetovazama\\\/\\\">ovde<\\\/a><\\\/p>\"}}]}<\/script>\n\t\t\t\t\t<\/div>\n\t\t\t\t\t\t<\/div>\n\t\t\t\t<div class=\"elementor-element elementor-element-6af003d sc_height_large elementor-widget elementor-widget-spacer\" data-id=\"6af003d\" data-element_type=\"widget\" data-e-type=\"widget\" data-widget_type=\"spacer.default\">\n\t\t\t\t\t\t\t<div class=\"elementor-spacer\">\n\t\t\t<div class=\"elementor-spacer-inner\"><\/div>\n\t\t<\/div>\n\t\t\t\t\t\t<\/div>\n\t\t\t\t\t<\/div>\n\t\t<\/div>\n\t\t\t\t<div class=\"elementor-column elementor-col-33 elementor-top-column elementor-element elementor-element-28f57f0 sc_inner_width_none sc_content_align_inherit sc_layouts_column_icons_position_left\" data-id=\"28f57f0\" data-element_type=\"column\" data-e-type=\"column\">\n\t\t\t<div class=\"elementor-widget-wrap\">\n\t\t\t\t\t\t\t<\/div>\n\t\t<\/div>\n\t\t\t\t\t<\/div>\n\t\t<\/section>\n\t\t\t\t<section class=\"elementor-section elementor-top-section elementor-element elementor-element-781634db elementor-section-stretched elementor-section-full_width sc_layouts_hide_on_mobile scheme_second_dark elementor-section-height-default elementor-section-height-default\" data-id=\"781634db\" data-element_type=\"section\" data-e-type=\"section\" data-settings=\"{&quot;stretch_section&quot;:&quot;section-stretched&quot;}\">\n\t\t\t\t\t\t<div class=\"elementor-container elementor-column-gap-no\">\n\t\t\t\t\t<div class=\"elementor-column elementor-col-100 elementor-top-column elementor-element elementor-element-49a088fc sc_inner_width_none sc_content_align_inherit sc_layouts_column_icons_position_left\" data-id=\"49a088fc\" data-element_type=\"column\" data-e-type=\"column\">\n\t\t\t<div class=\"elementor-widget-wrap elementor-element-populated\">\n\t\t\t\t\t\t<div class=\"elementor-element elementor-element-1b3eb73 sc_fly_static elementor-widget elementor-widget-trx_widget_instagram\" data-id=\"1b3eb73\" data-element_type=\"widget\" data-e-type=\"widget\" data-widget_type=\"trx_widget_instagram.default\">\n\t\t\t\t<div class=\"elementor-widget-container\">\n\t\t\t\t\t<div id=\"trx_widget_instagram_318810270\" class=\"widget_area sc_widget_instagram\"><aside id=\"trx_widget_instagram_318810270_widget\" class=\"widget widget_instagram\"><h5 class=\"widget_title\">@terzotattoo<\/h5><div class=\"widget_instagram_wrap widget_instagram_type_default\">\n\t<div class=\"widget_instagram_images widget_instagram_images_columns_5\"><div class=\"widget_instagram_images_item_wrap trx_addons_inline_6441266\"><a href=\"\/\/meanmachine.tattoo\/wp-content\/uploads\/2024\/09\/Terzo-4.jpg\" title=\"Naj\u010de\u0161\u0107a pitanja - Mean Machine Tattoo Beograd - Tetoviranje Beograd - Radovi\" rel=\"magnific\" class=\"widget_instagram_images_item widget_instagram_images_item_type_image\"><img fetchpriority=\"high\" decoding=\"async\" src=\"\/\/meanmachine.tattoo\/wp-content\/uploads\/2024\/09\/Terzo-4.jpg\" width=\"620\" height=\"600\" alt=\"Naj\u010de\u0161\u0107a pitanja - Mean Machine Tattoo Beograd - Tetoviranje Beograd - Radovi\" title=\"\"><span class=\"widget_instagram_images_item_counters\"><span class=\"widget_instagram_images_item_counter_likes trx_addons_icon-heart\">38<\/span><span class=\"widget_instagram_images_item_counter_comments trx_addons_icon-comment\">8<\/span><\/span><\/a><\/div><div class=\"widget_instagram_images_item_wrap trx_addons_inline_1248015517\"><a href=\"\/\/meanmachine.tattoo\/wp-content\/uploads\/2024\/09\/Terzo-3.jpg\" title=\"Mean Machine Tattoo Beograd - Tetoviranje Beograd - Radovi 1\" rel=\"magnific\" class=\"widget_instagram_images_item widget_instagram_images_item_type_image\"><img decoding=\"async\" src=\"\/\/meanmachine.tattoo\/wp-content\/uploads\/2024\/09\/Terzo-3.jpg\" width=\"620\" height=\"600\" alt=\"Mean Machine Tattoo Beograd - Tetoviranje Beograd - Radovi 1\" title=\"\"><span class=\"widget_instagram_images_item_counters\"><span class=\"widget_instagram_images_item_counter_likes trx_addons_icon-heart\">30<\/span><span class=\"widget_instagram_images_item_counter_comments trx_addons_icon-comment\">83<\/span><\/span><\/a><\/div><div class=\"widget_instagram_images_item_wrap trx_addons_inline_651736350\"><a href=\"\/\/meanmachine.tattoo\/wp-content\/uploads\/2024\/09\/Terzo-2.jpg\" title=\"Mean Machine Tattoo Beograd - Tetoviranje Beograd - Radovi 3\" rel=\"magnific\" class=\"widget_instagram_images_item widget_instagram_images_item_type_image\"><img decoding=\"async\" src=\"\/\/meanmachine.tattoo\/wp-content\/uploads\/2024\/09\/Terzo-2.jpg\" width=\"620\" height=\"600\" alt=\"Mean Machine Tattoo Beograd - Tetoviranje Beograd - Radovi 3\" title=\"\"><span class=\"widget_instagram_images_item_counters\"><span class=\"widget_instagram_images_item_counter_likes trx_addons_icon-heart\">52<\/span><span class=\"widget_instagram_images_item_counter_comments trx_addons_icon-comment\">91<\/span><\/span><\/a><\/div><div class=\"widget_instagram_images_item_wrap trx_addons_inline_1592432685\"><a href=\"\/\/meanmachine.tattoo\/wp-content\/uploads\/2024\/09\/Terzo-1.jpg\" title=\"Mean Machine Tattoo Beograd - Tetoviranje Beograd - Radovi - Aleksandar Terzic Terzo\" rel=\"magnific\" class=\"widget_instagram_images_item widget_instagram_images_item_type_image\"><img loading=\"lazy\" decoding=\"async\" src=\"\/\/meanmachine.tattoo\/wp-content\/uploads\/2024\/09\/Terzo-1.jpg\" width=\"620\" height=\"600\" alt=\"Mean Machine Tattoo Beograd - Tetoviranje Beograd - Radovi - Aleksandar Terzic Terzo\" title=\"\"><span class=\"widget_instagram_images_item_counters\"><span class=\"widget_instagram_images_item_counter_likes trx_addons_icon-heart\">12<\/span><span class=\"widget_instagram_images_item_counter_comments trx_addons_icon-comment\">13<\/span><\/span><\/a><\/div><div class=\"widget_instagram_images_item_wrap trx_addons_inline_341370281\"><a href=\"\/\/meanmachine.tattoo\/wp-content\/uploads\/2019\/04\/Mean-Machine-SER-1.jpg\" title=\"Mean Machine Tattoo Beograd - Tetoviranje Beograd - Radovi 3- Aleksandar Terzic Terzo\" rel=\"magnific\" class=\"widget_instagram_images_item widget_instagram_images_item_type_image\"><img loading=\"lazy\" decoding=\"async\" src=\"\/\/meanmachine.tattoo\/wp-content\/uploads\/2019\/04\/Mean-Machine-SER-1.jpg\" width=\"1400\" height=\"1453\" alt=\"Mean Machine Tattoo Beograd - Tetoviranje Beograd - Radovi 3- Aleksandar Terzic Terzo\" title=\"\"><span class=\"widget_instagram_images_item_counters\"><span class=\"widget_instagram_images_item_counter_likes trx_addons_icon-heart\">8<\/span><span class=\"widget_instagram_images_item_counter_comments trx_addons_icon-comment\">12<\/span><\/span><\/a><\/div><\/div><\/div><\/aside><\/div>\t\t\t\t<\/div>\n\t\t\t\t<\/div>\n\t\t\t\t\t<\/div>\n\t\t<\/div>\n\t\t\t\t\t<\/div>\n\t\t<\/section>\n\t\t\t\t<\/div>\n\t\t","protected":false},"excerpt":{"rendered":"<p>Naj\u010de\u0161\u0107a pitanja i odgovori\u200b Ako razmi\u0161lja\u0161 o tetoviranju i ima\u0161 milion pitanja \u2014 potpuno si na mestu. Ovde smo skupili naj\u010de\u0161\u0107a pitanja o tetova\u017eama i tattoo procesu, obja\u0161njena jednostavno, iskreno i bez ulep\u0161avanja. Pro\u0111i kroz&hellip;<\/p>","protected":false},"author":1,"featured_media":0,"parent":0,"menu_order":0,"comment_status":"closed","ping_status":"closed","template":"","meta":{"footnotes":""},"class_list":["post-2365","page","type-page","status-publish","hentry"],"_links":{"self":[{"href":"https:\/\/meanmachine.tattoo\/en\/wp-json\/wp\/v2\/pages\/2365","targetHints":{"allow":["GET"]}}],"collection":[{"href":"https:\/\/meanmachine.tattoo\/en\/wp-json\/wp\/v2\/pages"}],"about":[{"href":"https:\/\/meanmachine.tattoo\/en\/wp-json\/wp\/v2\/types\/page"}],"author":[{"embeddable":true,"href":"https:\/\/meanmachine.tattoo\/en\/wp-json\/wp\/v2\/users\/1"}],"replies":[{"embeddable":true,"href":"https:\/\/meanmachine.tattoo\/en\/wp-json\/wp\/v2\/comments?post=2365"}],"version-history":[{"count":23,"href":"https:\/\/meanmachine.tattoo\/en\/wp-json\/wp\/v2\/pages\/2365\/revisions"}],"predecessor-version":[{"id":8871,"href":"https:\/\/meanmachine.tattoo\/en\/wp-json\/wp\/v2\/pages\/2365\/revisions\/8871"}],"wp:attachment":[{"href":"https:\/\/meanmachine.tattoo\/en\/wp-json\/wp\/v2\/media?parent=2365"}],"curies":[{"name":"wp","href":"https:\/\/api.w.org\/{rel}","templated":true}]}}