{"id":3610,"date":"2024-12-08T13:47:41","date_gmt":"2024-12-08T13:47:41","guid":{"rendered":"https:\/\/meanmachine.tattoo\/?page_id=3610"},"modified":"2025-09-08T09:12:20","modified_gmt":"2025-09-08T09:12:20","slug":"uslovi-koriscenja","status":"publish","type":"page","link":"https:\/\/meanmachine.tattoo\/en\/uslovi-koriscenja\/","title":{"rendered":"Terms\u00a0of&nbsp;Use"},"content":{"rendered":"<div data-elementor-type=\"wp-page\" data-elementor-id=\"3610\" class=\"elementor elementor-3610\" data-elementor-post-type=\"page\">\n\t\t\t\t\t\t<section class=\"elementor-section elementor-top-section elementor-element elementor-element-9271c0e scheme_second_dark elementor-section-boxed elementor-section-height-default elementor-section-height-default\" data-id=\"9271c0e\" data-element_type=\"section\" data-e-type=\"section\">\n\t\t\t\t\t\t<div class=\"elementor-container elementor-column-gap-extended\">\n\t\t\t\t\t<div class=\"elementor-column elementor-col-33 elementor-top-column elementor-element elementor-element-14e8b22 sc_inner_width_none sc_content_align_inherit sc_layouts_column_icons_position_left\" data-id=\"14e8b22\" data-element_type=\"column\" data-e-type=\"column\">\n\t\t\t<div class=\"elementor-widget-wrap\">\n\t\t\t\t\t\t\t<\/div>\n\t\t<\/div>\n\t\t\t\t<div class=\"elementor-column elementor-col-33 elementor-top-column elementor-element elementor-element-6ec7857 sc_inner_width_none sc_content_align_inherit sc_layouts_column_icons_position_left\" data-id=\"6ec7857\" data-element_type=\"column\" data-e-type=\"column\">\n\t\t\t<div class=\"elementor-widget-wrap elementor-element-populated\">\n\t\t\t\t\t\t<div class=\"elementor-element elementor-element-5ef748f6 elementor-widget elementor-widget-text-editor\" data-id=\"5ef748f6\" data-element_type=\"widget\" data-e-type=\"widget\" data-widget_type=\"text-editor.default\">\n\t\t\t\t\t\t\t\t\t<h4><strong>Introduction<\/strong><\/h4>\n<p><!-- \/wp:heading --><!-- wp:paragraph --><\/p>\n<p>Welcome to Mean Machine Tattoo Studio! By accessing or using our website (meanmachine.tattoo), you agree to comply with and be bound by the following Terms and Conditions. Please read them carefully.<\/p>\n<p><!-- \/wp:paragraph --><!-- wp:heading {\"level\":4} --><\/p>\n<h4><strong>Studio Information<\/strong><\/h4>\n<p><!-- \/wp:heading --><!-- wp:paragraph --><\/p>\n<p>Mean Machine Tattoo Studio is located online at meanmachine.tattoo. Our servers are hosted in Serbia and Germany by Web Hosting Serbia (<a href=\"http:\/\/www.webhostingsrbija.rs\" target=\"_new\" rel=\"noopener nofollow\">www.webhostingsrbija.rs<\/a>)..<\/p>\n<p><!-- \/wp:paragraph --><!-- wp:heading {\"level\":4} --><\/p>\n<h4><strong>Eligibility<\/strong><\/h4>\n<p><!-- \/wp:heading --><!-- wp:paragraph --><\/p>\n<p>By booking an appointment or utilizing our services, you confirm that you are at least 18 years of age. Mean Machine Tattoo Studio reserves the right to request proof of age before proceeding with any tattoo.<\/p>\n<p><!-- \/wp:paragraph --><!-- wp:paragraph --><\/p>\n<p><!-- \/wp:paragraph --><!-- wp:heading {\"level\":4} --><\/p>\n<h4><strong>Consultations and Appointments<\/strong><\/h4>\n<p><!-- \/wp:heading --><!-- wp:paragraph --><\/p>\n<p>All consultations are free of charge and require an appointment. Bookings can be made through our website. Once confirmed, appointments require a non-refundable deposit, which is applied toward the final cost of the tattoo.<\/p>\n<p><!-- \/wp:paragraph --><!-- wp:paragraph --><\/p>\n<p><!-- \/wp:paragraph --><!-- wp:heading {\"level\":4} --><\/p>\n<h4><strong>Cancellations and Rescheduling<\/strong><\/h4>\n<p><!-- \/wp:heading --><!-- wp:paragraph --><\/p>\n<p>If you need to cancel or reschedule your appointment, please notify us at least 48 hours in advance. Failure to provide sufficient notice may result in the loss of your deposit. Mean Machine reserves the right to reschedule appointments due to artist availability or unforeseen circumstances.<\/p>\n<p><!-- \/wp:paragraph --><!-- wp:paragraph --><\/p>\n<p><!-- \/wp:paragraph --><!-- wp:heading {\"level\":4} --><\/p>\n<h4><strong>Tattoo Design and Ownership<\/strong><\/h4>\n<p><!-- \/wp:heading --><!-- wp:paragraph --><\/p>\n<p>Custom tattoo designs are created specifically for our clients. The intellectual property of the designs remains with the artist unless otherwise agreed in writing. Designs may not be reproduced or used for commercial purposes without permission.<\/p>\n<p><!-- \/wp:paragraph --><!-- wp:paragraph --><\/p>\n<p><!-- \/wp:paragraph --><!-- wp:heading {\"level\":4} --><\/p>\n<h4><strong>Health and Safety<\/strong><\/h4>\n<p><!-- \/wp:heading --><!-- wp:paragraph --><\/p>\n<p>We prioritize the health and safety of our clients. All equipment is sterile and single-use where applicable. Clients are required to disclose any medical conditions, allergies, or concerns prior to their appointment.<\/p>\n<p><!-- \/wp:paragraph --><!-- wp:paragraph --><\/p>\n<p><!-- \/wp:paragraph --><!-- wp:heading {\"level\":4} --><\/p>\n<h4><strong>Liability Waiver<\/strong><\/h4>\n<p><!-- \/wp:heading --><!-- wp:paragraph --><\/p>\n<p>By proceeding with a tattoo, you acknowledge that you understand the nature of the procedure and any associated risks, including potential allergic reactions or skin sensitivities. Mean Machine Tattoo Studio will not be held liable for adverse reactions or complications arising from failure to follow aftercare instructions.<\/p>\n<p><!-- \/wp:paragraph --><!-- wp:paragraph --><\/p>\n<p><!-- \/wp:paragraph --><!-- wp:heading {\"level\":4} --><\/p>\n<h4><strong>Aftercare<\/strong><\/h4>\n<p><!-- \/wp:heading --><!-- wp:paragraph --><\/p>\n<p>Aftercare instructions will be provided following your tattoo session. Following these instructions is crucial for proper healing. Mean Machine Tattoo Studio is not liable for infections or complications resulting from improper aftercare.<\/p>\n<p><!-- \/wp:paragraph --><!-- wp:paragraph --><\/p>\n<p><!-- \/wp:paragraph --><!-- wp:heading {\"level\":4} --><\/p>\n<h4><strong>Payments<\/strong><\/h4>\n<p><!-- \/wp:heading --><!-- wp:paragraph --><\/p>\n<p>Payments can be made by cash or credit card. All deposits are non-refundable but will be applied to your final payment. The cost of the tattoo will be agreed upon prior to the procedure.<\/p>\n<p><!-- \/wp:paragraph --><!-- wp:paragraph --><\/p>\n<p><!-- \/wp:paragraph --><!-- wp:heading {\"level\":4} --><\/p>\n<h4><strong>Privacy Policy<\/strong><\/h4>\n<p><!-- \/wp:heading --><!-- wp:paragraph --><\/p>\n<p>Mean Machine Tattoo Studio is committed to protecting your privacy. Any personal information collected during consultations or bookings will be used solely for the purpose of providing our services. We will not share your information with third parties without your consent.<\/p>\n<p><!-- \/wp:paragraph --><!-- wp:paragraph --><\/p>\n<p><!-- \/wp:paragraph --><!-- wp:heading {\"level\":4} --><\/p>\n<h4><strong>Website Use<\/strong><\/h4>\n<p><!-- \/wp:heading --><!-- wp:paragraph --><\/p>\n<p>By using our website, you agree not to engage in any illegal activities or actions that could harm our website\u2019s integrity or functionality. Mean Machine reserves the right to terminate access to our website for users who violate these terms.<\/p>\n<p><!-- \/wp:paragraph --><!-- wp:paragraph --><\/p>\n<p><!-- \/wp:paragraph --><!-- wp:heading {\"level\":4} --><\/p>\n<h4><strong>Governing Law<\/strong><\/h4>\n<p><!-- \/wp:heading --><!-- wp:paragraph --><\/p>\n<p>These Terms and Conditions are governed by the laws of Serbia. Any disputes arising from the use of our services will be subject to the exclusive jurisdiction of the courts in Serbia.<\/p>\n<p><!-- \/wp:paragraph --><!-- wp:paragraph --><\/p>\n<p><!-- \/wp:paragraph --><!-- wp:heading {\"level\":4} --><\/p>\n<h4><strong>Changes to Terms and Conditions<\/strong><\/h4>\n<p><!-- \/wp:heading --><!-- wp:paragraph --><\/p>\n<p>Mean Machine Tattoo Studio reserves the right to update these Terms and Conditions at any time. Any changes will be posted on our website, and continued use of our services will be deemed as acceptance of these changes.<\/p>\n<p><strong style=\"color: #e1e1e1; font-family: Teko, sans-serif; font-size: 2.187rem; font-style: normal; letter-spacing: 0.025em; text-transform: uppercase;\"><br \/>Contact Information<\/strong><\/p>\n<p><!-- \/wp:heading --><!-- wp:paragraph --><\/p>\n<p>If you have any questions regarding these Terms and Conditions, <a href=\"https:\/\/meanmachine.tattoo\/en\/kontakt\/\">contact us<\/a> please contact us through our email at info@meanmachine.tattoo.<\/p>\n<p><!-- \/wp:paragraph --><\/p>\t\t\t\t\t\t\t\t<\/div>\n\t\t\t\t<div class=\"elementor-element elementor-element-e69cb27 elementor-widget elementor-widget-spacer\" data-id=\"e69cb27\" data-element_type=\"widget\" data-e-type=\"widget\" data-widget_type=\"spacer.default\">\n\t\t\t\t\t\t\t<div class=\"elementor-spacer\">\n\t\t\t<div class=\"elementor-spacer-inner\"><\/div>\n\t\t<\/div>\n\t\t\t\t\t\t<\/div>\n\t\t\t\t\t<\/div>\n\t\t<\/div>\n\t\t\t\t<div class=\"elementor-column elementor-col-33 elementor-top-column elementor-element elementor-element-c0a6c27 sc_inner_width_none sc_content_align_inherit sc_layouts_column_icons_position_left\" data-id=\"c0a6c27\" data-element_type=\"column\" data-e-type=\"column\">\n\t\t\t<div class=\"elementor-widget-wrap\">\n\t\t\t\t\t\t\t<\/div>\n\t\t<\/div>\n\t\t\t\t\t<\/div>\n\t\t<\/section>\n\t\t\t\t<\/div>","protected":false},"excerpt":{"rendered":"<p>UVOD Dobrodo\u0161li u Mean Machine Tattoo Studio! Pristupanjem ili kori\u0161\u0107enjem na\u0161e veb stranice (meanmachine.tattoo) sla\u017eete se da \u0107ete se pridr\u017eavati slede\u0107ih Uslova i Pravila. Molimo vas da ih pa\u017eljivo pro\u010ditate. Informacije o studiju Mean Machine&hellip;<\/p>","protected":false},"author":1,"featured_media":0,"parent":0,"menu_order":0,"comment_status":"closed","ping_status":"closed","template":"","meta":{"footnotes":""},"class_list":["post-3610","page","type-page","status-publish","hentry"],"_links":{"self":[{"href":"https:\/\/meanmachine.tattoo\/en\/wp-json\/wp\/v2\/pages\/3610","targetHints":{"allow":["GET"]}}],"collection":[{"href":"https:\/\/meanmachine.tattoo\/en\/wp-json\/wp\/v2\/pages"}],"about":[{"href":"https:\/\/meanmachine.tattoo\/en\/wp-json\/wp\/v2\/types\/page"}],"author":[{"embeddable":true,"href":"https:\/\/meanmachine.tattoo\/en\/wp-json\/wp\/v2\/users\/1"}],"replies":[{"embeddable":true,"href":"https:\/\/meanmachine.tattoo\/en\/wp-json\/wp\/v2\/comments?post=3610"}],"version-history":[{"count":0,"href":"https:\/\/meanmachine.tattoo\/en\/wp-json\/wp\/v2\/pages\/3610\/revisions"}],"wp:attachment":[{"href":"https:\/\/meanmachine.tattoo\/en\/wp-json\/wp\/v2\/media?parent=3610"}],"curies":[{"name":"wp","href":"https:\/\/api.w.org\/{rel}","templated":true}]}}