{"id":65,"date":"2024-10-10T12:14:16","date_gmt":"2024-10-10T12:14:16","guid":{"rendered":"https:\/\/meanmachine.tattoo\/?page_id=65"},"modified":"2025-12-03T08:07:56","modified_gmt":"2025-12-03T08:07:56","slug":"usluge","status":"publish","type":"page","link":"https:\/\/meanmachine.tattoo\/en\/usluge\/","title":{"rendered":"Services"},"content":{"rendered":"<div data-elementor-type=\"wp-post\" data-elementor-id=\"65\" class=\"elementor elementor-65\" data-elementor-post-type=\"page\">\n\t\t\t\t\t\t<section class=\"elementor-section elementor-top-section elementor-element elementor-element-cc50b7b elementor-section-full_width elementor-section-stretched elementor-section-content-middle elementor-reverse-tablet elementor-reverse-mobile scheme_second_dark elementor-section-height-default elementor-section-height-default\" data-id=\"cc50b7b\" data-element_type=\"section\" data-e-type=\"section\" data-settings=\"{&quot;stretch_section&quot;:&quot;section-stretched&quot;,&quot;background_background&quot;:&quot;classic&quot;}\">\n\t\t\t\t\t\t<div class=\"elementor-container elementor-column-gap-default\">\n\t\t\t\t\t<div class=\"elementor-column elementor-col-66 elementor-top-column elementor-element elementor-element-425adad sc-mobile_inner_width_none sc-mobile_content_align_center sc_inner_width_none sc_content_align_inherit sc_layouts_column_icons_position_left\" data-id=\"425adad\" data-element_type=\"column\" data-e-type=\"column\" data-settings=\"{&quot;background_background&quot;:&quot;classic&quot;}\">\n\t\t\t<div class=\"elementor-widget-wrap elementor-element-populated\">\n\t\t\t\t\t\t<div class=\"elementor-element elementor-element-34cada0 elementor-widget elementor-widget-spacer\" data-id=\"34cada0\" data-element_type=\"widget\" data-e-type=\"widget\" data-widget_type=\"spacer.default\">\n\t\t\t\t\t\t\t<div class=\"elementor-spacer\">\n\t\t\t<div class=\"elementor-spacer-inner\"><\/div>\n\t\t<\/div>\n\t\t\t\t\t\t<\/div>\n\t\t\t\t\t<\/div>\n\t\t<\/div>\n\t\t\t\t<div class=\"elementor-column elementor-col-33 elementor-top-column elementor-element elementor-element-50e8e60 sc_inner_width_1_1 sc-mobile_inner_width_1_1 sc-mobile_content_align_center sc_content_align_inherit sc_layouts_column_icons_position_left\" data-id=\"50e8e60\" data-element_type=\"column\" data-e-type=\"column\">\n\t\t\t<div class=\"elementor-widget-wrap elementor-element-populated\">\n\t\t\t\t\t\t<div class=\"elementor-element elementor-element-28c4905 elementor-widget__width-initial elementor-widget-mobile__width-inherit sc_fly_static elementor-widget elementor-widget-trx_sc_title\" data-id=\"28c4905\" data-element_type=\"widget\" data-e-type=\"widget\" data-widget_type=\"trx_sc_title.default\">\n\t\t\t\t<div class=\"elementor-widget-container\">\n\t\t\t\t\t<div id=\"trx_sc_title_373518317\"\n\t\tclass=\"sc_title sc_title_accent\"><h2 class=\"sc_item_title sc_title_title sc_item_title_style_accent sc_item_title_tag\"><span class=\"sc_item_title_text\">Mean Machine <b>Services<\/b><\/span><\/h2><div class=\"sc_item_descr sc_title_descr\"><p>Whatever you desire from your tattoo, we are here to meet your expectations. Whether it\u2019s striking designs or subtle cover-ups, our studio is dedicated to creating tattoos with care, creativity, and top-notch precision.<\/p>\n<\/div><\/div><!-- \/.sc_title -->\t\t\t\t<\/div>\n\t\t\t\t<\/div>\n\t\t\t\t<div class=\"elementor-element elementor-element-ff8ca3e sc_height_tiny elementor-widget elementor-widget-spacer\" data-id=\"ff8ca3e\" data-element_type=\"widget\" data-e-type=\"widget\" data-widget_type=\"spacer.default\">\n\t\t\t\t\t\t\t<div class=\"elementor-spacer\">\n\t\t\t<div class=\"elementor-spacer-inner\"><\/div>\n\t\t<\/div>\n\t\t\t\t\t\t<\/div>\n\t\t\t\t<div class=\"elementor-element elementor-element-05f2190 elementor-widget__width-initial elementor-widget-mobile__width-inherit sc_fly_static elementor-widget elementor-widget-trx_sc_button\" data-id=\"05f2190\" data-element_type=\"widget\" data-e-type=\"widget\" data-widget_type=\"trx_sc_button.default\">\n\t\t\t\t<div class=\"elementor-widget-container\">\n\t\t\t\t\t<div id=\"trx_sc_button_146389402\"\tclass=\"sc_item_button sc_button_wrap\"><a href=\"https:\/\/meanmachine.tattoo\/en\/studio\/\" class=\"sc_button sc_button_default sc_button_size_normal sc_button_with_icon sc_button_icon_right\"><span class=\"sc_button_icon\"><span class=\"icon-arrow-button-right\"><\/span><\/span><span class=\"sc_button_text\"><span class=\"sc_button_title\">More About Us <\/span><\/span><!-- \/.sc_button_text --><\/a><!-- \/.sc_button --><\/div><!-- \/.sc_item_button -->\t\t\t\t<\/div>\n\t\t\t\t<\/div>\n\t\t\t\t\t<\/div>\n\t\t<\/div>\n\t\t\t\t\t<\/div>\n\t\t<\/section>\n\t\t\t\t<section class=\"elementor-section elementor-top-section elementor-element elementor-element-27bcf5 elementor-section-stretched elementor-section-full_width elementor-section-height-default elementor-section-height-default\" data-id=\"27bcf5\" data-element_type=\"section\" data-e-type=\"section\" data-settings=\"{&quot;stretch_section&quot;:&quot;section-stretched&quot;}\">\n\t\t\t\t\t\t<div class=\"elementor-container elementor-column-gap-no\">\n\t\t\t\t\t<div class=\"elementor-column elementor-col-100 elementor-top-column elementor-element elementor-element-2c013ae4 sc_inner_width_none sc_content_align_inherit sc_layouts_column_icons_position_left\" data-id=\"2c013ae4\" data-element_type=\"column\" data-e-type=\"column\">\n\t\t\t<div class=\"elementor-widget-wrap elementor-element-populated\">\n\t\t\t\t\t\t<div class=\"elementor-element elementor-element-e5927cf sc_height_huge elementor-widget elementor-widget-spacer\" data-id=\"e5927cf\" data-element_type=\"widget\" data-e-type=\"widget\" data-widget_type=\"spacer.default\">\n\t\t\t\t\t\t\t<div class=\"elementor-spacer\">\n\t\t\t<div class=\"elementor-spacer-inner\"><\/div>\n\t\t<\/div>\n\t\t\t\t\t\t<\/div>\n\t\t\t\t<div class=\"elementor-element elementor-element-547c5872 scheme_dark sc_fly_static elementor-widget elementor-widget-trx_sc_services\" data-id=\"547c5872\" data-element_type=\"widget\" data-e-type=\"widget\" data-widget_type=\"trx_sc_services.default\">\n\t\t\t\t<div class=\"elementor-widget-container\">\n\t\t\t\t\t<div id=\"trx_sc_services_685334393\" class=\"sc_services scheme_dark sc_services_hover sc_services_featured_top\"><div class=\"sc_services_columns_wrap sc_item_columns sc_item_posts_container sc_item_columns_4 trx_addons_columns_wrap columns_padding_bottom columns_in_single_row no_margin\"><div class=\"trx_addons_column-1_4 trx_addons_column-1_2-tablet\"><div data-post-id=\"584\" class=\"sc_services_item no_links with_content with_image sc_services_item_featured_none post-584 cpt_services type-cpt_services status-publish has-post-thumbnail hentry cpt_services_group-usluge-tetoviranja\">\n\t\t<div class=\"sc_services_item_header\" style=\"background-image: url(https:\/\/meanmachine.tattoo\/wp-content\/uploads\/2025\/04\/8C5B4C40-3A74-4D9B-81E9-196B259584CF-404x269.jpeg);\">\n\t\t\t\t<div class=\"sc_services_item_header_inner\">\n\t\t\t\t\t\t<h4 class=\"sc_services_item_title\">Tattooing<\/h4>\n\t\t\t<\/div><\/div><div class=\"sc_services_item_content\">\n\t\t\t\t\t\t<div class=\"sc_services_item_content_inner\">\n\t\t\t\t\t\t\t\t<h4 class=\"sc_services_item_title\">Tattooing<\/h4>\n\t\t\t\t<div class=\"sc_services_item_text\"><p>From small, meaningful pieces to large, intricate designs, we create tattoos that leave a lasting impression.<\/p>\n<\/div>\n\t\t\t\t\t\t\t<\/div><\/div><\/div><\/div><div class=\"trx_addons_column-1_4 trx_addons_column-1_2-tablet\"><div data-post-id=\"7493\" class=\"sc_services_item no_links with_content with_image sc_services_item_featured_none post-7493 cpt_services type-cpt_services status-publish has-post-thumbnail hentry cpt_services_group-usluge-tetoviranja\">\n\t\t<div class=\"sc_services_item_header\" style=\"background-image: url(https:\/\/meanmachine.tattoo\/wp-content\/uploads\/2019\/04\/Mean-Machine-SER-2-404x419.jpg);\">\n\t\t\t\t<div class=\"sc_services_item_header_inner\">\n\t\t\t\t\t\t<h4 class=\"sc_services_item_title\">Cover-Up<\/h4>\n\t\t\t<\/div><\/div><div class=\"sc_services_item_content\">\n\t\t\t\t\t\t<div class=\"sc_services_item_content_inner\">\n\t\t\t\t\t\t\t\t<h4 class=\"sc_services_item_title\">Cover-Up<\/h4>\n\t\t\t\t<div class=\"sc_services_item_text\"><p>Transform your old or unwanted tattoos into something fresh and new with our expert cover-up services.<\/p>\n<\/div>\n\t\t\t\t\t\t\t<\/div><\/div><\/div><\/div><div class=\"trx_addons_column-1_4 trx_addons_column-1_2-tablet\"><div data-post-id=\"8580\" class=\"sc_services_item no_links with_content with_image sc_services_item_featured_none post-8580 cpt_services type-cpt_services status-publish has-post-thumbnail hentry cpt_services_group-usluge-tetoviranja\">\n\t\t<div class=\"sc_services_item_header\" style=\"background-image: url(https:\/\/meanmachine.tattoo\/wp-content\/uploads\/2025\/01\/733B530B-9ECB-4D87-B874-3A0F3B8ECB33-404x274.webp);\">\n\t\t\t\t<div class=\"sc_services_item_header_inner\">\n\t\t\t\t\t\t<h4 class=\"sc_services_item_title\">Education<\/h4>\n\t\t\t<\/div><\/div><div class=\"sc_services_item_content\">\n\t\t\t\t\t\t<div class=\"sc_services_item_content_inner\">\n\t\t\t\t\t\t\t\t<h4 class=\"sc_services_item_title\">Education<\/h4>\n\t\t\t\t<div class=\"sc_services_item_text\"><p>Do you want to learn tattooing? Do you have some experience but want to take your skills to the next level?<\/p>\n<\/div>\n\t\t\t\t\t\t\t<\/div><\/div><\/div><\/div><div class=\"trx_addons_column-1_4 trx_addons_column-1_2-tablet\"><div data-post-id=\"8671\" class=\"sc_services_item no_links with_content with_image sc_services_item_featured_none post-8671 cpt_services type-cpt_services status-publish has-post-thumbnail hentry cpt_services_group-usluge-tetoviranja\">\n\t\t<div class=\"sc_services_item_header\" style=\"background-image: url(https:\/\/meanmachine.tattoo\/wp-content\/uploads\/2025\/12\/733B530B-9ECB-4D87-B874-3A0F3B8ECB33-scaled-1-404x274.webp);\">\n\t\t\t\t<div class=\"sc_services_item_header_inner\">\n\t\t\t\t\t\t<h4 class=\"sc_services_item_title\">Unique\u00a0design<\/h4>\n\t\t\t<\/div><\/div><div class=\"sc_services_item_content\">\n\t\t\t\t\t\t<div class=\"sc_services_item_content_inner\">\n\t\t\t\t\t\t\t\t<h4 class=\"sc_services_item_title\">Unique\u00a0design<\/h4>\n\t\t\t\t<div class=\"sc_services_item_text\"><p>You have an idea, an image in your mind, maybe even an emotion you want to express through your tattoo?<\/p>\n<\/div>\n\t\t\t\t\t\t\t<\/div><\/div><\/div><\/div><\/div><\/div><!-- \/.sc_services -->\t\t\t\t<\/div>\n\t\t\t\t<\/div>\n\t\t\t\t\t<\/div>\n\t\t<\/div>\n\t\t\t\t\t<\/div>\n\t\t<\/section>\n\t\t\t\t<\/div>","protected":false},"excerpt":{"rendered":"<p>Mean Machine Usluge Bez obzira na to \u0161ta \u017eelite od svoje tetova\u017ee, mi smo tu da ispunimo va\u0161a o\u010dekivanja. Bilo da se radi o upe\u010datljivim motivima ili diskretnim prepravkama, na\u0161 studio je posve\u0107en kreiranju tetova\u017ea&hellip;<\/p>","protected":false},"author":1,"featured_media":4358,"parent":0,"menu_order":0,"comment_status":"closed","ping_status":"closed","template":"","meta":{"footnotes":""},"class_list":["post-65","page","type-page","status-publish","has-post-thumbnail","hentry"],"_links":{"self":[{"href":"https:\/\/meanmachine.tattoo\/en\/wp-json\/wp\/v2\/pages\/65","targetHints":{"allow":["GET"]}}],"collection":[{"href":"https:\/\/meanmachine.tattoo\/en\/wp-json\/wp\/v2\/pages"}],"about":[{"href":"https:\/\/meanmachine.tattoo\/en\/wp-json\/wp\/v2\/types\/page"}],"author":[{"embeddable":true,"href":"https:\/\/meanmachine.tattoo\/en\/wp-json\/wp\/v2\/users\/1"}],"replies":[{"embeddable":true,"href":"https:\/\/meanmachine.tattoo\/en\/wp-json\/wp\/v2\/comments?post=65"}],"version-history":[{"count":1,"href":"https:\/\/meanmachine.tattoo\/en\/wp-json\/wp\/v2\/pages\/65\/revisions"}],"predecessor-version":[{"id":8826,"href":"https:\/\/meanmachine.tattoo\/en\/wp-json\/wp\/v2\/pages\/65\/revisions\/8826"}],"wp:featuredmedia":[{"embeddable":true,"href":"https:\/\/meanmachine.tattoo\/en\/wp-json\/wp\/v2\/media\/4358"}],"wp:attachment":[{"href":"https:\/\/meanmachine.tattoo\/en\/wp-json\/wp\/v2\/media?parent=65"}],"curies":[{"name":"wp","href":"https:\/\/api.w.org\/{rel}","templated":true}]}}